{"id":9,"date":"2020-10-26T13:25:21","date_gmt":"2020-10-26T13:25:21","guid":{"rendered":"http:\/\/bvba-vanhulle.be\/?page_id=9"},"modified":"2025-05-09T13:10:02","modified_gmt":"2025-05-09T11:10:02","slug":"homepage","status":"publish","type":"page","link":"https:\/\/bvba-vanhulle.be\/","title":{"rendered":"Homepage"},"content":{"rendered":"<p><img loading=\"lazy\" decoding=\"async\" src=\"https:\/\/bvba-vanhulle.be\/wp-content\/uploads\/2025\/05\/introimage.jpg\" sizes=\"auto, (max-width: 732px) 100vw, 732px\" srcset=\"https:\/\/bvba-vanhulle.be\/wp-content\/uploads\/2025\/05\/introimage.jpg 732w, https:\/\/bvba-vanhulle.be\/wp-content\/uploads\/2025\/05\/introimage-300x224.jpg 300w\" alt=\"\" width=\"732\" height=\"547\" \/><\/p>\n<h2>Over BV Vanhulle<\/h2>\n<p>BV Vanhulle voert infrastructuurwerken, aanleg van ondergrondse nutsleidingen (elektriciteit, gas, telecom) en de daarbij horende grondwerken uit.<\/p>\n<p>BV Vanhulle is actief in heel Belgi\u00eb en rekent zowel private opdrachtgevers als openbare ondernemingen tot haar klanten. Het bedrijf is in het bezit van een VCA ** certificaat en staat garant voor kwalitatieve, effici\u00ebnte en professionele werkuitvoering.<\/p>\n<h2>Zusterbedrijven<\/h2>\n<p>BV Vanhulle heeft 3 zusterbedrijven: <br \/>VHL Technics, Zeelse Grond- en Kabelwerken en VHL Construct:<\/p>\n<ul>\n<li>De gestuurde boringen en telecommunicatielassen worden uitgevoerd door\u00a0<strong>VHL Technics<\/strong><\/li>\n<li><strong>Zeelse Grond- en Kabelwerken<\/strong>\u00a0houdt zich bezig met grond- en kabelwerken en het leggen van pijpleidingen in Vlaanderen<\/li>\n<li>Tenslotte voert\u00a0<strong>VHL Construct<\/strong>\u00a0grond- en kabelwerken uit in h\u00e9\u00e9l Belgi\u00eb<\/li>\n<\/ul>\n<p><img loading=\"lazy\" decoding=\"async\" src=\"https:\/\/bvba-vanhulle.be\/wp-content\/uploads\/2025\/05\/img7.jpg\" sizes=\"auto, (max-width: 406px) 100vw, 406px\" srcset=\"https:\/\/bvba-vanhulle.be\/wp-content\/uploads\/2025\/05\/img7.jpg 406w, https:\/\/bvba-vanhulle.be\/wp-content\/uploads\/2025\/05\/img7-300x208.jpg 300w\" alt=\"\" width=\"406\" height=\"281\" \/>Aanleg AVW-leiding Water-Link te Antwerpen Rijnkaai<\/p>\n<h2>Activiteiten<\/h2>\n<h2>Nutsleidingen<\/h2>\n<ul>\n<li>Ondergrondse electriciteits- en gasleidingen<\/li>\n<li>Drinkwaterleidingen<\/li>\n<li>Bluswaterleidingen<\/li>\n<li>Pijpleidingen in staal of PE<\/li>\n<li>Het plaatsen van straatkasten<\/li>\n<\/ul>\n<h2>Graafwerken<\/h2>\n<ul>\n<li>Ingraven van blaasbuizen, telecommunicatiekabels<\/li>\n<li>Plaatsen van cabines, voetpadkasten, ondergrondse bezoekkamers,\u2026<\/li>\n<\/ul>\n<h2>Kabelblazen<\/h2>\n<ul>\n<li>Blazen of bijblazen van klassieke (glasvezel)kabel<\/li>\n<li>Blazen van microducts<\/li>\n<li>Blazen van microkabels<\/li>\n<\/ul>\n<h2>Databekabeling<\/h2>\n<ul>\n<li>Netwerkbekabeling van gebouwen met koper of glasvezelkabels<\/li>\n<li>Afmonteren en aansluiten op connectoren<\/li>\n<li>Opleveringsmetingen, foutlocalisatie,\u2026<\/li>\n<\/ul>\n<h2>Glasvezeltechnieken<\/h2>\n<ul>\n<li>Lassen en afmonteren van zowel klassieke als micro -glasvezelkabel (rechtdoorlas, aftakkingen, window cuts,\u2026)<\/li>\n<li>Maken van aftakkingen, aansluiten van allerlei toepassingen (camera&#8217;s, meetstations,\u2026)<\/li>\n<\/ul>\n<h2>Koperkabeltechnieken<\/h2>\n<ul>\n<li>Lassen en afmonteren van koper telecommunicatiekabels<\/li>\n<li>Maken van aftakkingen, aansluiten van allerlei toepassingen (peilmeters, praatpalen, voertuigentellingen,\u2026)<\/li>\n<\/ul>\n<h2>Horizontaal gestuurde boringen<\/h2>\n<ul>\n<li>Sleufloos installeren van ondergrondse leidingen<\/li>\n<\/ul>\n<h2>PolyEthyleen(PE)-laswerken<\/h2>\n<h2>Locatie<\/h2>\n<p><iframe title=\"Touwslagerstraat 8, Zele, Belgi\u00eb\" src=\"https:\/\/maps.google.com\/maps?q=Touwslagerstraat%208%2C%20Zele%2C%20Belgi%C3%AB&amp;t=m&amp;z=9&amp;output=embed&amp;iwloc=near\" frameborder=\"0\" marginwidth=\"0\" marginheight=\"0\" scrolling=\"no\" aria-label=\"Touwslagerstraat 8, Zele, Belgi\u00eb\"><\/iframe><\/p>\n<h2>Goede bereikbaarheid voor elke werf<\/h2>\n<p>BV Vanhulle bevindt zich in de gemeente Zele, perfect gesitueerd tussen de steden Antwerpen, Brussel en Gent.\u00a0<\/p>\n<p>We kunnen hierdoor alle werken in Belgi\u00eb goed bereiken met ons gespecialiseerd materieel en onze bekwame stielmannen.\u00a0<\/p>\n\n\n<p><\/p>\n","protected":false},"excerpt":{"rendered":"<p>Over BV Vanhulle BV Vanhulle voert infrastructuurwerken, aanleg van ondergrondse nutsleidingen (elektriciteit, gas, telecom) en de daarbij horende grondwerken uit. BV Vanhulle is actief in heel Belgi\u00eb en rekent zowel private opdrachtgevers als openbare ondernemingen tot haar klanten. Het bedrijf is in het bezit van een VCA ** certificaat en staat garant voor kwalitatieve, effici\u00ebnte [&hellip;]<\/p>\n","protected":false},"author":1,"featured_media":0,"parent":0,"menu_order":0,"comment_status":"closed","ping_status":"closed","template":"","meta":{"footnotes":""},"class_list":["post-9","page","type-page","status-publish","hentry","entry"],"_links":{"self":[{"href":"https:\/\/bvba-vanhulle.be\/index.php?rest_route=\/wp\/v2\/pages\/9","targetHints":{"allow":["GET"]}}],"collection":[{"href":"https:\/\/bvba-vanhulle.be\/index.php?rest_route=\/wp\/v2\/pages"}],"about":[{"href":"https:\/\/bvba-vanhulle.be\/index.php?rest_route=\/wp\/v2\/types\/page"}],"author":[{"embeddable":true,"href":"https:\/\/bvba-vanhulle.be\/index.php?rest_route=\/wp\/v2\/users\/1"}],"replies":[{"embeddable":true,"href":"https:\/\/bvba-vanhulle.be\/index.php?rest_route=%2Fwp%2Fv2%2Fcomments&post=9"}],"version-history":[{"count":33,"href":"https:\/\/bvba-vanhulle.be\/index.php?rest_route=\/wp\/v2\/pages\/9\/revisions"}],"predecessor-version":[{"id":177,"href":"https:\/\/bvba-vanhulle.be\/index.php?rest_route=\/wp\/v2\/pages\/9\/revisions\/177"}],"wp:attachment":[{"href":"https:\/\/bvba-vanhulle.be\/index.php?rest_route=%2Fwp%2Fv2%2Fmedia&parent=9"}],"curies":[{"name":"wp","href":"https:\/\/api.w.org\/{rel}","templated":true}]}}